{"id":1011,"date":"2015-01-05T16:29:34","date_gmt":"2015-01-05T16:29:34","guid":{"rendered":"http:\/\/schmidt-haensch.com\/?page_id=1011"},"modified":"2017-04-11T06:50:01","modified_gmt":"2017-04-11T06:50:01","slug":"refraktometrie","status":"publish","type":"page","link":"https:\/\/www.schmidt-haensch.com.cn\/de\/wissen\/refraktometrie\/","title":{"rendered":"Was ist Refraktometrie?"},"content":{"rendered":"<p>Im Vakuum bewegt sich das Licht mit einer Geschwindigkeit von rund 300.000 Kilometern in der Sekunde. Im Wasser dagegen ist die Geschwindigkeit rund 225.000 Kilometer pro Sekunde, also um 25 % geringer. \u00a0Und im Saphir kommt das Licht in einer Sekunde \u201enur\u201c 170.000 Kilometer weit.<\/p>\n<p>Ein <a title=\"Refraktometer\" href=\"http:\/\/schmidt-haensch.com\/de\/produkte\/laborinstrumente\/refraktometer\/\">Refraktometer<\/a> ist ein Messger\u00e4t, das diese Geschwindigkeit misst. Allerdings wird das Ergebnis in der Regel nicht direkt angegeben, sondern im Verh\u00e4ltnis zur Lichtgeschwindigkeit in der Luft. Dieses Verh\u00e4ltnis nennt man Brechungsindex. Die Angabe, ein Material habe einen Brechungsindex von 1.5 bedeutet also, da\u00df die Geschwindigkeit des Lichtes in der Luft um 50 % h\u00f6her ist als in diesem Material.<\/p>\n<p><img loading=\"lazy\" decoding=\"async\" class=\"alignnone size-full wp-image-3061\" src=\"http:\/\/schmidt-haensch.com\/wp-content\/uploads\/2015\/01\/What_is_Refractometry_D.jpg\" alt=\"Grafik zur Erkl\u00e4rung von Polarimetrie\" width=\"916\" height=\"543\" srcset=\"https:\/\/www.schmidt-haensch.com.cn\/wp-content\/uploads\/2015\/01\/What_is_Refractometry_D.jpg 916w, https:\/\/www.schmidt-haensch.com.cn\/wp-content\/uploads\/2015\/01\/What_is_Refractometry_D-300x178.jpg 300w, https:\/\/www.schmidt-haensch.com.cn\/wp-content\/uploads\/2015\/01\/What_is_Refractometry_D-800x474.jpg 800w, https:\/\/www.schmidt-haensch.com.cn\/wp-content\/uploads\/2015\/01\/What_is_Refractometry_D-640x379.jpg 640w, https:\/\/www.schmidt-haensch.com.cn\/wp-content\/uploads\/2015\/01\/What_is_Refractometry_D-400x237.jpg 400w, https:\/\/www.schmidt-haensch.com.cn\/wp-content\/uploads\/2015\/01\/What_is_Refractometry_D-200x119.jpg 200w\" sizes=\"(max-width: 916px) 100vw, 916px\" \/><strong>Wen interessiert die Lichtgeschwindigkeit in Proben?<\/strong><\/p>\n<p>Der Brechungsindex ist eine stoffspezifische Konstante. Sie h\u00e4ngt von der Temperatur ab und von der Wellenl\u00e4nge (also der Farbe) des Lichtes. Weil das so ist, kann man mit einem Refraktometer herausfinden, ob eine Substanz die ist, f\u00fcr die man sie h\u00e4lt. Dabei gibt es ein Problem: Eine etwa zwanzigprozentige Zuckerl\u00f6sung hat denselben Brechungsindex wie Aceton; refraktometrisch kann man diese beiden Fl\u00fcssigkeiten deshalb zun\u00e4chst nicht unterscheiden. Allerdings kann man diesen Messwert als einen Schritt in der Bestimmung einer Probe verwenden.<\/p>\n<p>Auch kann bei Mischungen, die typischerweise in wechselnden Zusammensetzungen auftreten, wie z. B. Oliven\u00f6l oder Orangensaft, eine Spanne angegeben werden, in der Proben einer gew\u00fcnschten Qualit\u00e4t liegen m\u00fcssen.<\/p>\n<p>Eine <strong>Anwendung der Refraktometrie<\/strong> ist also die Kontrolle zweifelhafter Proben.<\/p>\n<p>Weiterhin gibt es f\u00fcr viele Zwei-Stoff-Gemische einen eindeutigen Zusammenhang zwischen dem Brechungsindex und der Zusammensetzung. Das bekannteste Beispiel eines solchen Gemisches sind w\u00e4ssrige L\u00f6sungen von Saccharose, die sehr genau untersucht worden sind.<\/p>\n<p>Daraus ist die Trockensubstanz-Skala bestimmt worden. Ein Refraktometer kann so eingestellt werden, da\u00df es den Wert direkt als Trockensubstanz, % TS, anzeigt. Die Einheit wird oft auch Brix (abgek\u00fcrzt Bx) genannt. Auch Skalen, die eigentlich die Dichte einer Substanz angeben, k\u00f6nnen refraktometrisch simuliert werden. Bekanntestes Beispiel hier ist die \u00d6chsle-Skala f\u00fcr Wein.<\/p>\n<p><a href=\"http:\/\/schmidt-haensch.com\/de\/produkte\/laborinstrumente\/refraktometer\/\">Refraktometer<\/a> k\u00f6nnen die gemessenen Brechungsindizes also in Konzentrations- oder Dichteneinheiten umrechnen.<\/p>\n<p><a href=\"http:\/\/schmidt-haensch.com\/wp-content\/uploads\/2015\/04\/Technische-Grundlagen-Refraktometrie.pdf\" target=\"_blank\">Technische Grundlagen Refraktometrie<\/a><\/p>\n","protected":false},"excerpt":{"rendered":"<p>Im Vakuum bewegt sich das Licht mit einer Geschwindigkeit von rund 300.000 Kilometern in der Sekunde. Im Wasser dagegen ist die Geschwindigkeit rund 225.000 Kilometer pro Sekunde, also um 25 % geringer. \u00a0Und im Saphir kommt das Licht in einer Sekunde \u201enur\u201c 170.000 Kilometer weit. Ein Refraktometer ist ein Messger\u00e4t, das diese Geschwindigkeit misst. Allerdings [&hellip;]<\/p>\n","protected":false},"author":6,"featured_media":3321,"parent":61,"menu_order":1,"comment_status":"open","ping_status":"open","template":"","meta":{"_acf_changed":false,"footnotes":""},"yst_prominent_words":[498,493,494,497,502,500,501,495,491,496,504,503,499],"acf":[],"_links":{"self":[{"href":"https:\/\/www.schmidt-haensch.com.cn\/de\/wp-json\/wp\/v2\/pages\/1011"}],"collection":[{"href":"https:\/\/www.schmidt-haensch.com.cn\/de\/wp-json\/wp\/v2\/pages"}],"about":[{"href":"https:\/\/www.schmidt-haensch.com.cn\/de\/wp-json\/wp\/v2\/types\/page"}],"author":[{"embeddable":true,"href":"https:\/\/www.schmidt-haensch.com.cn\/de\/wp-json\/wp\/v2\/users\/6"}],"replies":[{"embeddable":true,"href":"https:\/\/www.schmidt-haensch.com.cn\/de\/wp-json\/wp\/v2\/comments?post=1011"}],"version-history":[{"count":1,"href":"https:\/\/www.schmidt-haensch.com.cn\/de\/wp-json\/wp\/v2\/pages\/1011\/revisions"}],"predecessor-version":[{"id":3532,"href":"https:\/\/www.schmidt-haensch.com.cn\/de\/wp-json\/wp\/v2\/pages\/1011\/revisions\/3532"}],"up":[{"embeddable":true,"href":"https:\/\/www.schmidt-haensch.com.cn\/de\/wp-json\/wp\/v2\/pages\/61"}],"wp:featuredmedia":[{"embeddable":true,"href":"https:\/\/www.schmidt-haensch.com.cn\/de\/wp-json\/wp\/v2\/media\/3321"}],"wp:attachment":[{"href":"https:\/\/www.schmidt-haensch.com.cn\/de\/wp-json\/wp\/v2\/media?parent=1011"}],"wp:term":[{"taxonomy":"yst_prominent_words","embeddable":true,"href":"https:\/\/www.schmidt-haensch.com.cn\/de\/wp-json\/wp\/v2\/yst_prominent_words?post=1011"}],"curies":[{"name":"wp","href":"https:\/\/api.w.org\/{rel}","templated":true}]}}