{"id":1185,"date":"2015-01-07T12:27:38","date_gmt":"2015-01-07T12:27:38","guid":{"rendered":"http:\/\/schmidt-haensch.com\/?page_id=1185"},"modified":"2017-05-12T11:29:22","modified_gmt":"2017-05-12T11:29:22","slug":"kontaktformular","status":"publish","type":"page","link":"https:\/\/www.schmidt-haensch.com.cn\/de\/kontakt\/kontaktformular\/","title":{"rendered":"Kontaktformular"},"content":{"rendered":"<p>Sie haben Fragen zu unseren Ger\u00e4ten, Verkaufsmodalit\u00e4ten oder Versand?<\/p>\n<p>Wir bem\u00fchen uns, Ihnen so schnell wie m\u00f6glich, kompetent und umfassend zu antworten. Gern rufen wir Sie auch f\u00fcr ein pers\u00f6nliches Gespr\u00e4ch zur\u00fcck. Wir freuen uns auf Ihre Fragen, Meinungen oder Anregungen.<\/p>\n","protected":false},"excerpt":{"rendered":"<p>Sie haben Fragen zu unseren Ger\u00e4ten, Verkaufsmodalit\u00e4ten oder Versand? Wir bem\u00fchen uns, Ihnen so schnell wie m\u00f6glich, kompetent und umfassend zu antworten. Gern rufen wir Sie auch f\u00fcr ein pers\u00f6nliches Gespr\u00e4ch zur\u00fcck. Wir freuen uns auf Ihre Fragen, Meinungen oder Anregungen.<\/p>\n","protected":false},"author":6,"featured_media":0,"parent":244,"menu_order":1,"comment_status":"open","ping_status":"closed","template":"page-kontaktformular.php","meta":{"_acf_changed":false,"footnotes":""},"yst_prominent_words":[239,236,234,249,240,237,252,241,264,238,235,233,232,754,823,755],"acf":[],"_links":{"self":[{"href":"https:\/\/www.schmidt-haensch.com.cn\/de\/wp-json\/wp\/v2\/pages\/1185"}],"collection":[{"href":"https:\/\/www.schmidt-haensch.com.cn\/de\/wp-json\/wp\/v2\/pages"}],"about":[{"href":"https:\/\/www.schmidt-haensch.com.cn\/de\/wp-json\/wp\/v2\/types\/page"}],"author":[{"embeddable":true,"href":"https:\/\/www.schmidt-haensch.com.cn\/de\/wp-json\/wp\/v2\/users\/6"}],"replies":[{"embeddable":true,"href":"https:\/\/www.schmidt-haensch.com.cn\/de\/wp-json\/wp\/v2\/comments?post=1185"}],"version-history":[{"count":1,"href":"https:\/\/www.schmidt-haensch.com.cn\/de\/wp-json\/wp\/v2\/pages\/1185\/revisions"}],"predecessor-version":[{"id":5156,"href":"https:\/\/www.schmidt-haensch.com.cn\/de\/wp-json\/wp\/v2\/pages\/1185\/revisions\/5156"}],"up":[{"embeddable":true,"href":"https:\/\/www.schmidt-haensch.com.cn\/de\/wp-json\/wp\/v2\/pages\/244"}],"wp:attachment":[{"href":"https:\/\/www.schmidt-haensch.com.cn\/de\/wp-json\/wp\/v2\/media?parent=1185"}],"wp:term":[{"taxonomy":"yst_prominent_words","embeddable":true,"href":"https:\/\/www.schmidt-haensch.com.cn\/de\/wp-json\/wp\/v2\/yst_prominent_words?post=1185"}],"curies":[{"name":"wp","href":"https:\/\/api.w.org\/{rel}","templated":true}]}}