{"id":233,"date":"2014-12-06T00:09:50","date_gmt":"2014-12-06T00:09:50","guid":{"rendered":"http:\/\/127.0.0.1:8888\/schmidthaensch\/?page_id=233"},"modified":"2015-07-20T14:45:32","modified_gmt":"2015-07-20T14:45:32","slug":"unternehmensprofil","status":"publish","type":"page","link":"https:\/\/www.schmidt-haensch.com.cn\/de\/unternehmen\/unternehmensprofil\/","title":{"rendered":"Unternehmensprofil"},"content":{"rendered":"<p>Tradition verbunden mit hochwertiger Innovation ist das Motto des seit 1864 bestehenden Familienunternehmens SCHMIDT + HAENSCH.\u00a0Von Beginn an spezialisierte sich das Unternehmen auf die optisch elektronische Messtechnik: <a title=\"Polarimeter\" href=\"http:\/\/schmidt-haensch.com\/de\/produkte\/laborinstrumente\/polarimeter\/\">Polarimeter<\/a>, <a title=\"Refraktometer\" href=\"http:\/\/schmidt-haensch.com\/de\/produkte\/laborinstrumente\/refraktometer\/\">Refraktometer<\/a> und <a title=\"Farbmessger\u00e4te\" href=\"http:\/\/schmidt-haensch.com\/de\/produkte\/laborinstrumente\/farbmessgeraete\/\">Farbmessger\u00e4te<\/a> h\u00f6chster Pr\u00e4zision bietet die SCHMIDT + HAENSCH seinen weltweiten Kunden an.<\/p>\n<p>Bedingt durch die Einf\u00fchrung neuer Referenzmethoden ist die Gesellschaft heute f\u00fchrender Anbieter von Analytik in der Zuckerindustrie. Schwerpunkt ist dabei die Laboranalytik, die sowohl mannlose Analyseautomaten als auch elektronisch gef\u00fchrte Labordatenerfassungssysteme umfasst.\u00a0Entwicklung, Herstellung und Vertrieb von klassischen Laborger\u00e4ten ist ein Gesch\u00e4ftsbereich der SCHMIDT + HAENSCH.<\/p>\n<p>Ein weiteres Gesch\u00e4ftsfeld umfasst die sogenannte intelligente Prozessensorik.\u00a0Mittels <a title=\"In-line Prozess-Refraktometer\" href=\"http:\/\/schmidt-haensch.com\/de\/produkte\/prozessinstrumente\/in-line-prozess-refraktometer\/\">Prozess-Refraktometern<\/a> lassen sich Konzentrationsunterschiede in Fl\u00fcssigkeiten verschiedenster Herkunft unmittelbar erfassen. Mit hoher Zuverl\u00e4ssigkeit sind so auch weitere Parameter wie Tr\u00fcbung und andere stoffspezifische Nachweise messbar.<\/p>\n<p>Die Vernetzung von Laborger\u00e4ten nach kundenspezifischen Anforderungen sowie die vollautomatischen Analysen-Systeme runden das anspruchsvolle Produktportefeuille des Unternehmens ab.<\/p>\n<p>Kundenn\u00e4he, <a title=\"Ansprechpartner\" href=\"http:\/\/schmidt-haensch.com\/de\/kontakt\/ansprechpartner\/\">Kundenberatung<\/a> und Herstellung von Messinstrumenten h\u00f6chster Pr\u00e4zision und Zuverl\u00e4ssigkeit bilden dabei das Credo des Unternehmens. Ein Erfolgsrezept, das aufgeht.\u00a0Denn die SCHMIDT + HAENSCH existiert nunmehr in der f\u00fcnften Generation und wird seit mehr als <a title=\"Geschichte\" href=\"http:\/\/schmidt-haensch.com\/de\/unternehmen\/geschichte\/\">20 Jahren<\/a> durch den Familiengesellschafter Mathis Kuchejda ebenso erfolgreich gef\u00fchrt.<\/p>\n<p><strong>SCHMIDT + HAENSCH ist Mitglied in zahlreichen Fachverb\u00e4nden und Stiftungen, vertreten durch den gesch\u00e4ftsf\u00fchrenden Gesellschafter Mathis Kuchejda:<\/strong><\/p>\n<ul>\n<li><a href=\"http:\/\/www.stiftung-zuckerindustrie.org\/\" target=\"_blank\">Stiftung der Zuckerindustrie<\/a>: Vorstandsvorsitz<\/li>\n<li><a href=\"http:\/\/www.spectaris.de\/index.php\" target=\"_blank\">Spectaris<\/a>: Vorstand des Fachverbandes Analyse-, Bio und Labortechnik<\/li>\n<li><a href=\"http:\/\/www.vdma.org\/\" target=\"_blank\">Verband Deutscher Maschinen- und Anlagenbau<\/a> (VDMA) Ost: Vorstandsmitglied<\/li>\n<li><a href=\"http:\/\/www.bdi.eu\/\" target=\"_blank\">Bundesverband der Deutschen Industrie<\/a> (BDI): Vorstandsmitglied im Mittelstandsausschuss und Mitglied des Hauptvorstandes<\/li>\n<li><a href=\"http:\/\/www.icumsa.org\/index.php?id=102\" target=\"_blank\">International Commission for Uniform Methods of Sugar Analysis<\/a> (ICUMSA): Gutachter<\/li>\n<li><a href=\"http:\/\/www.issct.org\/\" target=\"_blank\">International Society of Sugar Cane Technologists<\/a> (ISSCT): Sekret\u00e4r<\/li>\n<li><a href=\"https:\/\/www.htw-berlin.de\/\" target=\"_blank\">Hochschule f\u00fcr Technik und Wirtschaft Berlin<\/a> (HTW): Kuratoriumsvorsitzender<\/li>\n<\/ul>\n","protected":false},"excerpt":{"rendered":"<p>Tradition verbunden mit hochwertiger Innovation ist das Motto des seit 1864 bestehenden Familienunternehmens SCHMIDT + HAENSCH.\u00a0Von Beginn an spezialisierte sich das Unternehmen auf die optisch elektronische Messtechnik: Polarimeter, Refraktometer und Farbmessger\u00e4te h\u00f6chster Pr\u00e4zision bietet die SCHMIDT + HAENSCH seinen weltweiten Kunden an. Bedingt durch die Einf\u00fchrung neuer Referenzmethoden ist die Gesellschaft heute f\u00fchrender Anbieter von [&hellip;]<\/p>\n","protected":false},"author":6,"featured_media":3325,"parent":64,"menu_order":1,"comment_status":"open","ping_status":"open","template":"","meta":{"_acf_changed":false,"footnotes":""},"yst_prominent_words":[],"acf":[],"_links":{"self":[{"href":"https:\/\/www.schmidt-haensch.com.cn\/de\/wp-json\/wp\/v2\/pages\/233"}],"collection":[{"href":"https:\/\/www.schmidt-haensch.com.cn\/de\/wp-json\/wp\/v2\/pages"}],"about":[{"href":"https:\/\/www.schmidt-haensch.com.cn\/de\/wp-json\/wp\/v2\/types\/page"}],"author":[{"embeddable":true,"href":"https:\/\/www.schmidt-haensch.com.cn\/de\/wp-json\/wp\/v2\/users\/6"}],"replies":[{"embeddable":true,"href":"https:\/\/www.schmidt-haensch.com.cn\/de\/wp-json\/wp\/v2\/comments?post=233"}],"version-history":[{"count":0,"href":"https:\/\/www.schmidt-haensch.com.cn\/de\/wp-json\/wp\/v2\/pages\/233\/revisions"}],"up":[{"embeddable":true,"href":"https:\/\/www.schmidt-haensch.com.cn\/de\/wp-json\/wp\/v2\/pages\/64"}],"wp:featuredmedia":[{"embeddable":true,"href":"https:\/\/www.schmidt-haensch.com.cn\/de\/wp-json\/wp\/v2\/media\/3325"}],"wp:attachment":[{"href":"https:\/\/www.schmidt-haensch.com.cn\/de\/wp-json\/wp\/v2\/media?parent=233"}],"wp:term":[{"taxonomy":"yst_prominent_words","embeddable":true,"href":"https:\/\/www.schmidt-haensch.com.cn\/de\/wp-json\/wp\/v2\/yst_prominent_words?post=233"}],"curies":[{"name":"wp","href":"https:\/\/api.w.org\/{rel}","templated":true}]}}