{"id":330,"date":"2014-12-07T20:02:49","date_gmt":"2014-12-07T20:02:49","guid":{"rendered":"http:\/\/schmidt-haensch.com\/?page_id=330"},"modified":"2017-05-19T11:52:46","modified_gmt":"2017-05-19T11:52:46","slug":"impressum","status":"publish","type":"page","link":"https:\/\/www.schmidt-haensch.com.cn\/de\/sonstiges\/impressum\/","title":{"rendered":"Impressum"},"content":{"rendered":"<p><strong>Verantwortlich f\u00fcr den Inhalt von www.schmidt-haensch.com<\/strong><\/p>\n<p>Angaben gem\u00e4\u00df \u00a7 5 TMG:<\/p>\n<p>SCHMIDT + HAENSCH GmbH &amp; Co.<br \/>\nWaldstra\u00dfe 80\/81<br \/>\n13403 Berlin<br \/>\nDeutschland<\/p>\n<p>Telefon <a href=\"tel:+49304170720\">+49 (0) 30 41 70 72-0<\/a><br \/>\nTelefax +49 (0) 30 41 70 72-99<\/p>\n<p>E-Mail: <a href=\"mailto:sales@schmidt-haensch.de\">sales@schmidt-haensch.de<\/a><br \/>\nInternet: www.schmidt-haensch.com<\/p>\n<p>Gesch\u00e4ftsf\u00fchrer: Mathis Kuchejda<\/p>\n<p>Handelsregister: HRA 14212<br \/>\nAmtsgericht Berlin-Charlottenburg<br \/>\nUst-ldNr.: DE136655240<\/p>\n<p>Pers\u00f6nlich haftende Gesellschaft: Kuchejda GmbH<br \/>\nHandelregister: HRB 7141<br \/>\nAmtsgericht Berlin-Charlottenburg<\/p>\n<p><strong>Rechtliche Hinweise<\/strong><\/p>\n<p>SCHMIDT + HAENSCH bem\u00fcht sich, genaue und aktuelle Informationen auf der Website zusammenzustellen.<br \/>\nEine Garantie oder Gew\u00e4hr f\u00fcr die Richtigkeit, Vollst\u00e4ndigkeit und die st\u00e4ndige Aktualit\u00e4t dieser Informationen \u00fcbernimmt SCHMIDT + HAENSCH\u00a0jedoch nicht. SCHMIDT + HAENSCH kann nicht alle Inhalte der von Dritten angebotenen Websites regelm\u00e4\u00dfig \u00fcberpr\u00fcfen, zu denen Links von dieser Seite f\u00fchren.<\/p>\n<p>SCHMIDT + HAENSCH \u00fcbernimmt daher keinerlei Verantwortung hinsichtlich der Richtigkeit oder jeglicher sonstiger vorhandener oder fehlender Eigenschaften der dort enthaltenen Informationen. Die Nutzung der Website und der Links erfolgt auf eigenes Risiko. Schmidt + Haensch \u00fcbernimmt keine Haftung f\u00fcr Sch\u00e4den, die durch den Gebrauch der Website oder Links entstehen. SCHMIDT + HAENSCH beh\u00e4lt sich das Recht vor, den Inhalt der Website nach eigenem Ermessen zu \u00e4ndern oder zu l\u00f6schen. Eine Haftung f\u00fcr die Verf\u00fcgbarkeit der Webseiten und Links besteht nicht.<\/p>\n<p><strong>Copyright<\/strong><\/p>\n<p>\u00a9 SCHMIDT + HAENSCH GmbH &amp; Co 2006\u20132016<\/p>\n<p>Alle Informationen und Bilder sind Eigentum des Herausgebers. Die Inhalte d\u00fcrfen weder ganz noch teilweise ohne vorherige schriftliche Genehmigung des Urhebers vervielf\u00e4ltigt und\/oder ver\u00f6ffentlicht oder in einem Informationssystem gespeichert werden.<\/p>\n<p>Quelle: Impressumgenerator von www.e-recht24.de<\/p>\n<p><strong>Haftungsausschluss<\/strong><\/p>\n<p><strong>Haftung f\u00fcr Inhalte<\/strong><br \/>\nDie Inhalte unserer Seiten wurden mit gr\u00f6\u00dfter Sorgfalt erstellt. F\u00fcr die Richtigkeit, Vollst\u00e4ndigkeit und Aktualit\u00e4t der Inhalte k\u00f6nnen wir jedoch keine Gew\u00e4hr \u00fcbernehmen. Als Diensteanbieter sind wir gem\u00e4\u00df \u00a7 7 Abs. 1 TMG f\u00fcr eigene Inhalte auf diesen Seiten nach den allgemeinen Gesetzen verantwortlich. Nach \u00a7\u00a7 8 bis 10 TMG sind wir als Diensteanbieter jedoch nicht verpflichtet, \u00fcbermittelte oder gespeicherte fremde Informationen zu \u00fcberwachen oder nach Umst\u00e4nden zu forschen, die auf eine rechtswidrige T\u00e4tigkeit hinweisen. Verpflichtungen zur Entfernung oder Sperrung der Nutzung von Informationen nach den allgemeinen Gesetzen bleiben hiervon unber\u00fchrt. Eine diesbez\u00fcgliche Haftung ist jedoch erst ab dem Zeitpunkt der Kenntnis einer konkreten Rechtsverletzung m\u00f6glich. Bei Bekanntwerden von entsprechenden Rechtsverletzungen werden wir diese Inhalte umgehend entfernen.<\/p>\n<p><strong>Haftung f\u00fcr Links<\/strong><br \/>\nUnser Angebot enth\u00e4lt Links zu externen Webseiten Dritter, auf deren Inhalte wir keinen Einfluss haben. Deshalb k\u00f6nnen wir f\u00fcr diese fremden Inhalte auch keine Gew\u00e4hr \u00fcbernehmen. F\u00fcr die Inhalte der verlinkten Seiten ist stets der jeweilige Anbieter oder Betreiber der Seiten verantwortlich. Die verlinkten Seiten wurden zum Zeitpunkt der Verlinkung auf m\u00f6gliche Rechtsverst\u00f6\u00dfe \u00fcberpr\u00fcft. Rechtswidrige Inhalte waren zum Zeitpunkt der Verlinkung nicht erkennbar. Eine permanente inhaltliche Kontrolle der verlinkten Seiten ist jedoch ohne konkrete Anhaltspunkte einer Rechtsverletzung nicht zumutbar. Bei Bekanntwerden von Rechtsverletzungen werden wir derartige Links umgehend entfernen.<\/p>\n<p><strong>Urheberrecht<\/strong><br \/>\nDie durch die Seitenbetreiber erstellten Inhalte und Werke auf diesen Seiten unterliegen dem deutschen Urheberrecht. Die Vervielf\u00e4ltigung, Bearbeitung, Verbreitung und jede Art der Verwertung au\u00dferhalb der Grenzen des Urheberrechtes bed\u00fcrfen der schriftlichen Zustimmung des jeweiligen Autors bzw. Erstellers. Downloads und Kopien dieser Seite sind nur f\u00fcr den privaten, nicht kommerziellen Gebrauch gestattet. Soweit die Inhalte auf dieser Seite nicht vom Betreiber erstellt wurden, werden die Urheberrechte Dritter beachtet. Insbesondere werden Inhalte Dritter als solche gekennzeichnet. Sollten Sie trotzdem auf eine Urheberrechtsverletzung aufmerksam werden, bitten wir um einen entsprechenden Hinweis. Bei Bekanntwerden von Rechtsverletzungen werden wir derartige Inhalte umgehend entfernen.<\/p>\n<p><strong>Datenschutz<\/strong><br \/>\nDie Nutzung unserer Webseite ist in der Regel ohne Angabe personenbezogener Daten m\u00f6glich. Soweit auf unseren Seiten personenbezogene Daten (beispielsweise Name, Anschrift oder E-Mail-Adressen) erhoben werden, erfolgt dies, soweit m\u00f6glich, stets auf freiwilliger Basis. Diese Daten werden ohne Ihre ausdr\u00fcckliche Zustimmung nicht an Dritte weitergegeben.\u00a0Wir weisen darauf hin, dass die Daten\u00fcbertragung im Internet (z. B. bei der Kommunikation per E-Mail) Sicherheitsl\u00fccken aufweisen kann. Ein l\u00fcckenloser Schutz der Daten vor dem Zugriff durch Dritte ist nicht m\u00f6glich.\u00a0Der Nutzung von im Rahmen der Impressumspflicht ver\u00f6ffentlichten Kontaktdaten durch Dritte zur \u00dcbersendung von nicht ausdr\u00fccklich angeforderter Werbung und Informationsmaterialien wird hiermit ausdr\u00fccklich widersprochen. Die Betreiber der Seiten behalten sich ausdr\u00fccklich rechtliche Schritte im Falle der unverlangten Zusendung von Werbeinformationen, etwa durch Spam-Mails, vor.<\/p>\n<p><strong>Google Analytics Datenschutzerkl\u00e4rung<\/strong><br \/>\nUm den Webauftritt m\u00f6glichst benutzerfreundlich zu gestalten, werten wir anonymisierte Daten, die durch die Benutzung der Webseite entstehen, mittels eines Statistikprogramms aus. Das Programm hei\u00dft Google Analytics, einen Webanalysedienst der Google Inc. (\u201eGoogle\u201c). Google Analytics verwendet sog. \u201eCookies\u201c, Textdateien, die auf Ihrem Computer gespeichert werden und die eine Analyse der Benutzung der Website durch Sie erm\u00f6glichen. Die durch den Cookie erzeugten Informationen \u00fcber Ihre Benutzung dieser Website werden in der Regel an einen Server von Google in den USA \u00fcbertragen und dort gespeichert.<\/p>\n<p>Bei aktivierter IP-Anonymisierung, wie auf dieser Website, wird Ihre IP-Adresse von Google jedoch innerhalb von Mitgliedstaaten der Europ\u00e4ischen Union oder in anderen Vertragsstaaten des Abkommens \u00fcber den Europ\u00e4ischen Wirtschaftsraum zuvor gek\u00fcrzt. Nur in Ausnahmef\u00e4llen wird die volle IP-Adresse an einen Server von Google in den USA \u00fcbertragen und dort gek\u00fcrzt. Im Auftrag des Betreibers dieser Website wird Google diese Informationen benutzen, um Ihre Nutzung der Website auszuwerten, um Reports \u00fcber die Websiteaktivit\u00e4ten zusammenzustellen und um weitere mit der Websitenutzung und der Internetnutzung verbundene Dienstleistungen gegen\u00fcber dem Websitebetreiber zu erbringen.<\/p>\n<p>Die im Rahmen von Google Analytics von Ihrem Browser \u00fcbermittelte IP-Adresse wird nicht mit anderen Daten von Google zusammengef\u00fchrt. Sie k\u00f6nnen die Speicherung der Cookies durch eine entsprechende Einstellung Ihrer Browser-Software verhindern. Wir weisen Sie jedoch darauf hin, dass Sie in diesem Fall gegebenenfalls nicht s\u00e4mtliche Funktionen dieser Website vollumf\u00e4nglich werden nutzen k\u00f6nnen. Sie k\u00f6nnen dar\u00fcber hinaus die Erfassung der durch das Cookie erzeugten und auf Ihre Nutzung der Website bezogenen Daten (inkl. Ihrer IP-Adresse) an Google sowie die Verarbeitung dieser Daten durch Google verhindern, indem Sie das unter dem folgenden Link verf\u00fcgbare Browser-Plugin herunterladen und installieren: <a href=\"http:\/\/tools.google.com\/dlpage\/gaoptout\" target=\"_blank\" rel=\"noopener noreferrer\">http:\/\/tools.google.com\/dlpage\/gaoptout<\/a><\/p>\n<p>Alternativ zum Browser-Add-On oder innerhalb von Browsern auf mobilen Ger\u00e4ten k\u00f6nnen Sie diesen Link (<a>Google Analytics deaktivieren<\/a>) nutzen, um die Erfassung durch Google Analytics innerhalb dieser Website zuk\u00fcnftig zu verhindern. Das Opt-Out funktioniert nur in dem Browser und nur f\u00fcr diese Domain. Dabei wird ein Opt-Out-Cookie auf Ihrem Ger\u00e4t abgelegt. L\u00f6schen Sie Ihre Cookies in diesem Browser, m\u00fcssen Sie diesen Link erneut klicken.<\/p>\n<p>Nachfolgend finden Sie au\u00dferdem einen Link zum Opt-Out der amerikanischen Branchenorganisation Network Advertising Initiative (NAI), um bestimmte Werbung nicht mehr zu erhalten: <a href=\"http:\/\/www.networkadvertising.org\/choices\" target=\"_blank\" rel=\"noopener noreferrer\">www.networkadvertising.org\/choices<\/a><\/p>\n<p><strong>Umsetzung<\/strong><br \/>\nKonzept, Gestaltung, Programmierung und Suchmaschinenoptimierung der Website durch <a title=\"Agentur f\u00fcr effiziente Kommunikation\" href=\"http:\/\/www.jetztodernie.berlin\">Jetztodernie<br \/>\n<\/a>WordPress Wartung und Support durch <a href=\"https:\/\/pageworkers.com\">Pageworkers<\/a><\/p>\n","protected":false},"excerpt":{"rendered":"<p>Verantwortlich f\u00fcr den Inhalt von www.schmidt-haensch.com Angaben gem\u00e4\u00df \u00a7 5 TMG: SCHMIDT + HAENSCH GmbH &amp; Co. Waldstra\u00dfe 80\/81 13403 Berlin Deutschland Telefon +49 (0) 30 41 70 72-0 Telefax +49 (0) 30 41 70 72-99 E-Mail: sales@schmidt-haensch.de Internet: www.schmidt-haensch.com Gesch\u00e4ftsf\u00fchrer: Mathis Kuchejda Handelsregister: HRA 14212 Amtsgericht Berlin-Charlottenburg Ust-ldNr.: DE136655240 Pers\u00f6nlich haftende Gesellschaft: Kuchejda GmbH [&hellip;]<\/p>\n","protected":false},"author":6,"featured_media":0,"parent":510,"menu_order":2,"comment_status":"open","ping_status":"closed","template":"","meta":{"_acf_changed":false,"footnotes":""},"yst_prominent_words":[236,234,237,235,233,232,889,809,891,883,886,888,884,890,297,885,818,887,893,892],"acf":[],"_links":{"self":[{"href":"https:\/\/www.schmidt-haensch.com.cn\/de\/wp-json\/wp\/v2\/pages\/330"}],"collection":[{"href":"https:\/\/www.schmidt-haensch.com.cn\/de\/wp-json\/wp\/v2\/pages"}],"about":[{"href":"https:\/\/www.schmidt-haensch.com.cn\/de\/wp-json\/wp\/v2\/types\/page"}],"author":[{"embeddable":true,"href":"https:\/\/www.schmidt-haensch.com.cn\/de\/wp-json\/wp\/v2\/users\/6"}],"replies":[{"embeddable":true,"href":"https:\/\/www.schmidt-haensch.com.cn\/de\/wp-json\/wp\/v2\/comments?post=330"}],"version-history":[{"count":3,"href":"https:\/\/www.schmidt-haensch.com.cn\/de\/wp-json\/wp\/v2\/pages\/330\/revisions"}],"predecessor-version":[{"id":5162,"href":"https:\/\/www.schmidt-haensch.com.cn\/de\/wp-json\/wp\/v2\/pages\/330\/revisions\/5162"}],"up":[{"embeddable":true,"href":"https:\/\/www.schmidt-haensch.com.cn\/de\/wp-json\/wp\/v2\/pages\/510"}],"wp:attachment":[{"href":"https:\/\/www.schmidt-haensch.com.cn\/de\/wp-json\/wp\/v2\/media?parent=330"}],"wp:term":[{"taxonomy":"yst_prominent_words","embeddable":true,"href":"https:\/\/www.schmidt-haensch.com.cn\/de\/wp-json\/wp\/v2\/yst_prominent_words?post=330"}],"curies":[{"name":"wp","href":"https:\/\/api.w.org\/{rel}","templated":true}]}}