{"id":363,"date":"2014-12-07T20:40:14","date_gmt":"2014-12-07T20:40:14","guid":{"rendered":"http:\/\/schmidt-haensch.com\/?page_id=363"},"modified":"2017-03-29T14:53:52","modified_gmt":"2017-03-29T14:53:52","slug":"kalibrierung","status":"publish","type":"page","link":"https:\/\/www.schmidt-haensch.com.cn\/de\/service\/kundendienst\/kalibrierung\/","title":{"rendered":"Kalibrierung"},"content":{"rendered":"<p>Unsere Polarimeter werden werksseitig mit von der Physikalisch-Technischen Bundesanstalt (PTB) zertifizierten Quarzkontrollplatten kalibriert und mit einem Kalibrierungsprotokoll geliefert.<\/p>\n<p>Auf Anfrage kann die Inbetriebnahme durch einen unserer Servicetechniker durchgef\u00fchrt und die analytische Funktionsf\u00e4higkeit des Ger\u00e4tes nachgewiesen werden. Zur Dokumentation k\u00f6nnen zusammen mit dem Kunden die Protokolle:<\/p>\n<ul>\n<li>Installation Qualification (IQ),<\/li>\n<li>Operational Qualification (OP) und<\/li>\n<li>Performance Qualification (PQ) erstellt werden.<\/li>\n<\/ul>\n<p>Zur regelm\u00e4\u00dfigen \u00dcberpr\u00fcfung des erworbenen Ger\u00e4tes empfehlen wir den Kauf einer zertifizierten Quarzkontrollplatte (bei uns erh\u00e4ltlich) und eine periodische \u00dcberpr\u00fcfung der Kalibrierung. Die Quarzkontrollplatte wird mit einem Werkzertifikat geliefert. Auf Ihren Wunsch hin k\u00f6nnen wir zudem die Platte von der Physikalisch-Technischen Bundesanstalt (PTB) gegen eine Geb\u00fchr zertifizieren lassen.<\/p>\n","protected":false},"excerpt":{"rendered":"<p>Unsere Polarimeter werden werksseitig mit von der Physikalisch-Technischen Bundesanstalt (PTB) zertifizierten Quarzkontrollplatten kalibriert und mit einem Kalibrierungsprotokoll geliefert. Auf Anfrage kann die Inbetriebnahme durch einen unserer Servicetechniker durchgef\u00fchrt und die analytische Funktionsf\u00e4higkeit des Ger\u00e4tes nachgewiesen werden. Zur Dokumentation k\u00f6nnen zusammen mit dem Kunden die Protokolle: Installation Qualification (IQ), Operational Qualification (OP) und Performance Qualification (PQ) [&hellip;]<\/p>\n","protected":false},"author":6,"featured_media":913,"parent":361,"menu_order":2,"comment_status":"open","ping_status":"closed","template":"","meta":{"_acf_changed":false,"footnotes":""},"yst_prominent_words":[280,274,276,270,267,285,284,281,283,273,275,269,277,282,279,272,271,268,266,278],"acf":[],"_links":{"self":[{"href":"https:\/\/www.schmidt-haensch.com.cn\/de\/wp-json\/wp\/v2\/pages\/363"}],"collection":[{"href":"https:\/\/www.schmidt-haensch.com.cn\/de\/wp-json\/wp\/v2\/pages"}],"about":[{"href":"https:\/\/www.schmidt-haensch.com.cn\/de\/wp-json\/wp\/v2\/types\/page"}],"author":[{"embeddable":true,"href":"https:\/\/www.schmidt-haensch.com.cn\/de\/wp-json\/wp\/v2\/users\/6"}],"replies":[{"embeddable":true,"href":"https:\/\/www.schmidt-haensch.com.cn\/de\/wp-json\/wp\/v2\/comments?post=363"}],"version-history":[{"count":1,"href":"https:\/\/www.schmidt-haensch.com.cn\/de\/wp-json\/wp\/v2\/pages\/363\/revisions"}],"predecessor-version":[{"id":5112,"href":"https:\/\/www.schmidt-haensch.com.cn\/de\/wp-json\/wp\/v2\/pages\/363\/revisions\/5112"}],"up":[{"embeddable":true,"href":"https:\/\/www.schmidt-haensch.com.cn\/de\/wp-json\/wp\/v2\/pages\/361"}],"wp:featuredmedia":[{"embeddable":true,"href":"https:\/\/www.schmidt-haensch.com.cn\/de\/wp-json\/wp\/v2\/media\/913"}],"wp:attachment":[{"href":"https:\/\/www.schmidt-haensch.com.cn\/de\/wp-json\/wp\/v2\/media?parent=363"}],"wp:term":[{"taxonomy":"yst_prominent_words","embeddable":true,"href":"https:\/\/www.schmidt-haensch.com.cn\/de\/wp-json\/wp\/v2\/yst_prominent_words?post=363"}],"curies":[{"name":"wp","href":"https:\/\/api.w.org\/{rel}","templated":true}]}}