{"id":369,"date":"2014-12-07T20:41:34","date_gmt":"2014-12-07T20:41:34","guid":{"rendered":"http:\/\/schmidt-haensch.com\/?page_id=369"},"modified":"2015-04-29T12:09:46","modified_gmt":"2015-04-29T12:09:46","slug":"wartung","status":"publish","type":"page","link":"https:\/\/www.schmidt-haensch.com.cn\/de\/service\/kundendienst\/wartung\/","title":{"rendered":"Wartung"},"content":{"rendered":"<p>Die Wartung unserer Polarimeter durch SCHMIDT + HAENSCH ist grunds\u00e4tzlich jederzeit m\u00f6glich. Kleinere Probleme k\u00f6nnen durch unsere\u00a0telefonische <a title=\"Service-Hotlines\" href=\"http:\/\/schmidt-haensch.com\/de\/service\/service-hotlines\/\">Service-Hotline<\/a> gel\u00f6st werden.<\/p>\n<p>Zur regelm\u00e4\u00dfigen Wartung des Polarimeters k\u00f6nnen wir Ihnen einen Wartungsvertrag anbieten. Im Rahmen eines solchen Vertrages werden unsere Instrumente in der Regel j\u00e4hrlich \u00fcberpr\u00fcft und gewartet. In Notf\u00e4llen kann ein Servicetechniker zudem kurzfristig das Ger\u00e4t vor Ort warten. Sollte eine\u00a0Reparatur in unserem Werk notwendig sein, stellen wir Ihnen\u00a0bis zur Fertigstellung f\u00fcr eine\u00a0geringe Leihgeb\u00fchr ein Ersatzger\u00e4t\u00a0zur Verf\u00fcgung. Gern senden wir Ihnen auf Anfrage einen Entwurf f\u00fcr einen Wartungsvertrag zu.<\/p>\n<p>Die Nachkaufgarantie f\u00fcr Ersatzteile betr\u00e4gt 10 Jahre.<\/p>\n","protected":false},"excerpt":{"rendered":"<p>Die Wartung unserer Polarimeter durch SCHMIDT + HAENSCH ist grunds\u00e4tzlich jederzeit m\u00f6glich. Kleinere Probleme k\u00f6nnen durch unsere\u00a0telefonische Service-Hotline gel\u00f6st werden. Zur regelm\u00e4\u00dfigen Wartung des Polarimeters k\u00f6nnen wir Ihnen einen Wartungsvertrag anbieten. Im Rahmen eines solchen Vertrages werden unsere Instrumente in der Regel j\u00e4hrlich \u00fcberpr\u00fcft und gewartet. In Notf\u00e4llen kann ein Servicetechniker zudem kurzfristig das Ger\u00e4t [&hellip;]<\/p>\n","protected":false},"author":6,"featured_media":917,"parent":361,"menu_order":4,"comment_status":"open","ping_status":"closed","template":"","meta":{"_acf_changed":false,"footnotes":""},"yst_prominent_words":[],"acf":[],"_links":{"self":[{"href":"https:\/\/www.schmidt-haensch.com.cn\/de\/wp-json\/wp\/v2\/pages\/369"}],"collection":[{"href":"https:\/\/www.schmidt-haensch.com.cn\/de\/wp-json\/wp\/v2\/pages"}],"about":[{"href":"https:\/\/www.schmidt-haensch.com.cn\/de\/wp-json\/wp\/v2\/types\/page"}],"author":[{"embeddable":true,"href":"https:\/\/www.schmidt-haensch.com.cn\/de\/wp-json\/wp\/v2\/users\/6"}],"replies":[{"embeddable":true,"href":"https:\/\/www.schmidt-haensch.com.cn\/de\/wp-json\/wp\/v2\/comments?post=369"}],"version-history":[{"count":0,"href":"https:\/\/www.schmidt-haensch.com.cn\/de\/wp-json\/wp\/v2\/pages\/369\/revisions"}],"up":[{"embeddable":true,"href":"https:\/\/www.schmidt-haensch.com.cn\/de\/wp-json\/wp\/v2\/pages\/361"}],"wp:featuredmedia":[{"embeddable":true,"href":"https:\/\/www.schmidt-haensch.com.cn\/de\/wp-json\/wp\/v2\/media\/917"}],"wp:attachment":[{"href":"https:\/\/www.schmidt-haensch.com.cn\/de\/wp-json\/wp\/v2\/media?parent=369"}],"wp:term":[{"taxonomy":"yst_prominent_words","embeddable":true,"href":"https:\/\/www.schmidt-haensch.com.cn\/de\/wp-json\/wp\/v2\/yst_prominent_words?post=369"}],"curies":[{"name":"wp","href":"https:\/\/api.w.org\/{rel}","templated":true}]}}