{"id":4786,"date":"2016-05-04T08:36:14","date_gmt":"2016-05-04T08:36:14","guid":{"rendered":"http:\/\/schmidt-haensch.com\/de\/?page_id=4786"},"modified":"2016-05-04T09:21:53","modified_gmt":"2016-05-04T09:21:53","slug":"brechzahlbestimmung","status":"publish","type":"page","link":"https:\/\/www.schmidt-haensch.com.cn\/de\/service\/dienstleistungen\/brechzahlbestimmung\/","title":{"rendered":"Brechzahlbestimmung"},"content":{"rendered":"<p>Der Brechungsindex wird f\u00fcr viele Anwendungen ben\u00f6tigt. Wir bieten die Bestimmung der Brechzahl bei einer definierten Temperatur und Wellenl\u00e4nge als Dienstleistung an. Sie k\u00f6nnen damit ein Referenzmaterial zur temperaturabh\u00e4ngigen \u00dcberpr\u00fcfung Ihrer Refraktometer erzeugen und testen, ob Ihre Ger\u00e4te noch ordnungsgem\u00e4\u00df funktionieren. Mit diesem Service k\u00f6nnen Sie ebenfalls Ihre Probe messen lassen, um Ihre eigenen Ergebnisse zu validieren.<\/p>\n<p><img loading=\"lazy\" decoding=\"async\" class=\"aligncenter wp-image-4813\" src=\"http:\/\/schmidt-haensch.com\/wp-content\/uploads\/2016\/04\/RI_Water_589nm-vs-temp-vs-wavel-300x86.jpg\" alt=\"RI_Water_589nm vs temp vs wavel\" width=\"4999\" height=\"1433\" srcset=\"https:\/\/www.schmidt-haensch.com.cn\/wp-content\/uploads\/2016\/04\/RI_Water_589nm-vs-temp-vs-wavel-300x86.jpg 300w, https:\/\/www.schmidt-haensch.com.cn\/wp-content\/uploads\/2016\/04\/RI_Water_589nm-vs-temp-vs-wavel-768x220.jpg 768w, https:\/\/www.schmidt-haensch.com.cn\/wp-content\/uploads\/2016\/04\/RI_Water_589nm-vs-temp-vs-wavel-1024x294.jpg 1024w, https:\/\/www.schmidt-haensch.com.cn\/wp-content\/uploads\/2016\/04\/RI_Water_589nm-vs-temp-vs-wavel-2048x587.jpg 2048w, https:\/\/www.schmidt-haensch.com.cn\/wp-content\/uploads\/2016\/04\/RI_Water_589nm-vs-temp-vs-wavel-1600x459.jpg 1600w, https:\/\/www.schmidt-haensch.com.cn\/wp-content\/uploads\/2016\/04\/RI_Water_589nm-vs-temp-vs-wavel-1280x367.jpg 1280w, https:\/\/www.schmidt-haensch.com.cn\/wp-content\/uploads\/2016\/04\/RI_Water_589nm-vs-temp-vs-wavel-800x229.jpg 800w, https:\/\/www.schmidt-haensch.com.cn\/wp-content\/uploads\/2016\/04\/RI_Water_589nm-vs-temp-vs-wavel-640x183.jpg 640w, https:\/\/www.schmidt-haensch.com.cn\/wp-content\/uploads\/2016\/04\/RI_Water_589nm-vs-temp-vs-wavel-400x115.jpg 400w, https:\/\/www.schmidt-haensch.com.cn\/wp-content\/uploads\/2016\/04\/RI_Water_589nm-vs-temp-vs-wavel-200x57.jpg 200w\" sizes=\"(max-width: 4999px) 100vw, 4999px\" \/><\/p>\n<p>Abbildung: links: Exemplarischer Verlauf des Brechungsindex von Wasser mit der Temperatur bei der Natrium D-Linie (n<sub>D<\/sub>), 589nm. rechts: Exemplarischer Verlauf des Brechungsindex von Wasser mit der Wellenl\u00e4nge bei 20\u00b0C<\/p>\n<p>&nbsp;<\/p>\n<p>Brechzahlbestimmung m\u00f6glich f\u00fcr:<\/p>\n<ul>\n<li>feste und fl\u00fcssige Proben<\/li>\n<li>Temperatur im Bereich von 5\u202695\u00b0C (Fl\u00fcssigkeiten und Festk\u00f6rper), andere Temperaturen auf Anfrage<\/li>\n<li>Wellenl\u00e4ngen (ausgew\u00e4hlte Beispiele): 404.7nm, 546.1nm, 578.5nm,\u00a0589.3nm, 643.8nm, 852.9nm, 895.2nm, weitere Wellenl\u00e4ngen auf Anfrage<\/li>\n<li>Messungen mit unseren Referenz-Refraktometer oder f\u00fcr h\u00f6chste Anspr\u00fcche auch Referenz-Goniometer<\/li>\n<li>Genauigkeit \u00fcber den gesamten Temperaturbereich bei allen Wellenl\u00e4ngen bis zu \u0394RI\u00a0= 2*10<sup>-5<\/sup> (probenabh\u00e4ngig)<sup><br \/>\n<\/sup><\/li>\n<\/ul>\n<p><img loading=\"lazy\" decoding=\"async\" class=\"alignnone wp-image-4819\" src=\"http:\/\/schmidt-haensch.com\/wp-content\/uploads\/2016\/04\/ri_water-eyecandy-1-300x162.jpg\" alt=\"ri_water eyecandy\" width=\"3000\" height=\"1618\" srcset=\"https:\/\/www.schmidt-haensch.com.cn\/wp-content\/uploads\/2016\/04\/ri_water-eyecandy-1-300x162.jpg 300w, https:\/\/www.schmidt-haensch.com.cn\/wp-content\/uploads\/2016\/04\/ri_water-eyecandy-1-768x414.jpg 768w, https:\/\/www.schmidt-haensch.com.cn\/wp-content\/uploads\/2016\/04\/ri_water-eyecandy-1-1024x552.jpg 1024w, https:\/\/www.schmidt-haensch.com.cn\/wp-content\/uploads\/2016\/04\/ri_water-eyecandy-1-2048x1105.jpg 2048w, https:\/\/www.schmidt-haensch.com.cn\/wp-content\/uploads\/2016\/04\/ri_water-eyecandy-1-1600x863.jpg 1600w, https:\/\/www.schmidt-haensch.com.cn\/wp-content\/uploads\/2016\/04\/ri_water-eyecandy-1-1280x690.jpg 1280w, https:\/\/www.schmidt-haensch.com.cn\/wp-content\/uploads\/2016\/04\/ri_water-eyecandy-1-800x432.jpg 800w, https:\/\/www.schmidt-haensch.com.cn\/wp-content\/uploads\/2016\/04\/ri_water-eyecandy-1-640x345.jpg 640w, https:\/\/www.schmidt-haensch.com.cn\/wp-content\/uploads\/2016\/04\/ri_water-eyecandy-1-400x216.jpg 400w, https:\/\/www.schmidt-haensch.com.cn\/wp-content\/uploads\/2016\/04\/ri_water-eyecandy-1-200x108.jpg 200w\" sizes=\"(max-width: 3000px) 100vw, 3000px\" \/><\/p>\n<p>Abbildung : Brechzahl von Wasser \u00fcber Temperatur und Wellenl\u00e4nge<\/p>\n<p>&nbsp;<\/p>\n","protected":false},"excerpt":{"rendered":"<p>Der Brechungsindex wird f\u00fcr viele Anwendungen ben\u00f6tigt. Wir bieten die Bestimmung der Brechzahl bei einer definierten Temperatur und Wellenl\u00e4nge als Dienstleistung an. Sie k\u00f6nnen damit ein Referenzmaterial zur temperaturabh\u00e4ngigen \u00dcberpr\u00fcfung Ihrer Refraktometer erzeugen und testen, ob Ihre Ger\u00e4te noch ordnungsgem\u00e4\u00df funktionieren. Mit diesem Service k\u00f6nnen Sie ebenfalls Ihre Probe messen lassen, um Ihre eigenen Ergebnisse [&hellip;]<\/p>\n","protected":false},"author":14,"featured_media":2749,"parent":2801,"menu_order":1,"comment_status":"closed","ping_status":"closed","template":"","meta":{"_acf_changed":false,"footnotes":""},"yst_prominent_words":[],"acf":[],"_links":{"self":[{"href":"https:\/\/www.schmidt-haensch.com.cn\/de\/wp-json\/wp\/v2\/pages\/4786"}],"collection":[{"href":"https:\/\/www.schmidt-haensch.com.cn\/de\/wp-json\/wp\/v2\/pages"}],"about":[{"href":"https:\/\/www.schmidt-haensch.com.cn\/de\/wp-json\/wp\/v2\/types\/page"}],"author":[{"embeddable":true,"href":"https:\/\/www.schmidt-haensch.com.cn\/de\/wp-json\/wp\/v2\/users\/14"}],"replies":[{"embeddable":true,"href":"https:\/\/www.schmidt-haensch.com.cn\/de\/wp-json\/wp\/v2\/comments?post=4786"}],"version-history":[{"count":1,"href":"https:\/\/www.schmidt-haensch.com.cn\/de\/wp-json\/wp\/v2\/pages\/4786\/revisions"}],"predecessor-version":[{"id":4836,"href":"https:\/\/www.schmidt-haensch.com.cn\/de\/wp-json\/wp\/v2\/pages\/4786\/revisions\/4836"}],"up":[{"embeddable":true,"href":"https:\/\/www.schmidt-haensch.com.cn\/de\/wp-json\/wp\/v2\/pages\/2801"}],"wp:featuredmedia":[{"embeddable":true,"href":"https:\/\/www.schmidt-haensch.com.cn\/de\/wp-json\/wp\/v2\/media\/2749"}],"wp:attachment":[{"href":"https:\/\/www.schmidt-haensch.com.cn\/de\/wp-json\/wp\/v2\/media?parent=4786"}],"wp:term":[{"taxonomy":"yst_prominent_words","embeddable":true,"href":"https:\/\/www.schmidt-haensch.com.cn\/de\/wp-json\/wp\/v2\/yst_prominent_words?post=4786"}],"curies":[{"name":"wp","href":"https:\/\/api.w.org\/{rel}","templated":true}]}}