{"id":4787,"date":"2016-05-04T08:43:55","date_gmt":"2016-05-04T08:43:55","guid":{"rendered":"http:\/\/schmidt-haensch.com\/de\/?page_id=4787"},"modified":"2016-05-04T13:45:33","modified_gmt":"2016-05-04T13:45:33","slug":"kundenskalen","status":"publish","type":"page","link":"https:\/\/www.schmidt-haensch.com.cn\/de\/service\/dienstleistungen\/kundenskalen\/","title":{"rendered":"Kundenskalen"},"content":{"rendered":"<p><strong>Refraktometer<\/strong><!--more--><\/p>\n<p>Oft ist nicht die gemessene Brechzahl selbst von Interesse, sondern eine anwendungspezifische Messgr\u00f6\u00dfe. Dies kann beispielsweise die Konzentration eines gel\u00f6sten Stoffes in Wasser sein.<\/p>\n<p>Beispiele sind:<\/p>\n<ul>\n<li>Konzentration K\u00fchlschmierstoffe<\/li>\n<li>Konzentration Frostschutzmittel<\/li>\n<li>Saccharosekonzentration (Brix), auch andere Zuckerarten, z.B. Glucose, Fructose, etc.<\/li>\n<li>Salzl\u00f6sungen, z.B. Kaliumfluorid, Kochsalz, Natriumbromid,\u2026<\/li>\n<li>Wasserstoffperoxid<\/li>\n<li>Wasser in Honig<\/li>\n<li>Wasser in Alkohol (\u201eTrockenheit\u201c von L\u00f6sungsmitteln)<\/li>\n<\/ul>\n<p><img loading=\"lazy\" decoding=\"async\" class=\"alignnone wp-image-4807 size-full\" src=\"http:\/\/schmidt-haensch.com\/wp-content\/uploads\/2016\/04\/20\u00b0C-fit-ethanol-in-water1.jpg\" alt=\"\" width=\"5005\" height=\"2376\" srcset=\"https:\/\/www.schmidt-haensch.com.cn\/wp-content\/uploads\/2016\/04\/20\u00b0C-fit-ethanol-in-water1.jpg 5005w, https:\/\/www.schmidt-haensch.com.cn\/wp-content\/uploads\/2016\/04\/20\u00b0C-fit-ethanol-in-water1-300x142.jpg 300w, https:\/\/www.schmidt-haensch.com.cn\/wp-content\/uploads\/2016\/04\/20\u00b0C-fit-ethanol-in-water1-768x365.jpg 768w, https:\/\/www.schmidt-haensch.com.cn\/wp-content\/uploads\/2016\/04\/20\u00b0C-fit-ethanol-in-water1-1024x486.jpg 1024w, https:\/\/www.schmidt-haensch.com.cn\/wp-content\/uploads\/2016\/04\/20\u00b0C-fit-ethanol-in-water1-2048x972.jpg 2048w, https:\/\/www.schmidt-haensch.com.cn\/wp-content\/uploads\/2016\/04\/20\u00b0C-fit-ethanol-in-water1-1600x760.jpg 1600w, https:\/\/www.schmidt-haensch.com.cn\/wp-content\/uploads\/2016\/04\/20\u00b0C-fit-ethanol-in-water1-1280x608.jpg 1280w, https:\/\/www.schmidt-haensch.com.cn\/wp-content\/uploads\/2016\/04\/20\u00b0C-fit-ethanol-in-water1-800x380.jpg 800w, https:\/\/www.schmidt-haensch.com.cn\/wp-content\/uploads\/2016\/04\/20\u00b0C-fit-ethanol-in-water1-640x304.jpg 640w, https:\/\/www.schmidt-haensch.com.cn\/wp-content\/uploads\/2016\/04\/20\u00b0C-fit-ethanol-in-water1-400x190.jpg 400w, https:\/\/www.schmidt-haensch.com.cn\/wp-content\/uploads\/2016\/04\/20\u00b0C-fit-ethanol-in-water1-200x95.jpg 200w\" sizes=\"(max-width: 5005px) 100vw, 5005px\" \/>Abbildung: Brechzahlverlauf (nD) von Ethanol in Wasser bei 20\u00b0C.<\/p>\n<p>&nbsp;<\/p>\n<p>Wir \u00fcbersetzen die Brechzahl in einen Messwert Ihrer Wahl, die M\u00f6glichkeiten sind hier nahezu unbegrenzt. Sie k\u00f6nnen sich verschiedenste Parameter Ihrer L\u00f6sung auf Ihrem Refraktometer anzeigen lassen. Sie haben die Wahl: Frostsicherheit (Gefrierpunktserniedrigung), Wassergehalt, Volumenkonzentration, Massekonzentration, Stoffmengenkonzentration (Molarit\u00e4t), Molalit\u00e4t, Stoffmengenanteil, etc.<\/p>\n<p>Die Skale wird auf Wunsch temperaturkompensiert. Das bedeutet, dass die Skala in einem gr\u00f6\u00dferen Temperaturbereich zuverl\u00e4ssig funktioniert. Dies ist wichtig, um die Zeit f\u00fcr die Temperierung bei Laborrefraktometern einzusparen. Bei Prozessrefraktometern ist die Temperaturkompensation aufgrund der oft zeitkritischen Messung und der fehlenden Temperierm\u00f6glichkeit besonders wichtig.<\/p>\n<h2><strong>Qualit\u00e4t der Skale<\/strong><\/h2>\n<p><!--more--><\/p>\n<p>F\u00fcr die h\u00f6chste Skalenqualit\u00e4t, d.h. die h\u00f6chsten Genauigkeiten, greifen Sie auf unser Referenz-Goniometer zur\u00fcck. In vielen F\u00e4llen ist bereits eine Messung mit dem Standardrefraktometer ausreichend. Wir beraten Sie hier gerne bez\u00fcglich erreichbarer Genauigkeiten Ihrer Konzentrationen.<\/p>\n<h2><strong>Service<\/strong><\/h2>\n<p><!--more--><\/p>\n<p>Wenn Sie die Skale zusammen mit einem S+H-Ger\u00e4t bekommen, dann konfigurieren wir alles f\u00fcr Sie vor. Sie k\u00f6nnen dann direkt mit dem Messen Ihrer kundenspezifischen Substanz beginnen.<\/p>\n<p>&nbsp;<\/p>\n<p>&nbsp;<\/p>\n","protected":false},"excerpt":{"rendered":"<p>Refraktometer<\/p>\n","protected":false},"author":14,"featured_media":2794,"parent":2801,"menu_order":2,"comment_status":"closed","ping_status":"closed","template":"","meta":{"_acf_changed":false,"footnotes":""},"yst_prominent_words":[],"acf":[],"_links":{"self":[{"href":"https:\/\/www.schmidt-haensch.com.cn\/de\/wp-json\/wp\/v2\/pages\/4787"}],"collection":[{"href":"https:\/\/www.schmidt-haensch.com.cn\/de\/wp-json\/wp\/v2\/pages"}],"about":[{"href":"https:\/\/www.schmidt-haensch.com.cn\/de\/wp-json\/wp\/v2\/types\/page"}],"author":[{"embeddable":true,"href":"https:\/\/www.schmidt-haensch.com.cn\/de\/wp-json\/wp\/v2\/users\/14"}],"replies":[{"embeddable":true,"href":"https:\/\/www.schmidt-haensch.com.cn\/de\/wp-json\/wp\/v2\/comments?post=4787"}],"version-history":[{"count":0,"href":"https:\/\/www.schmidt-haensch.com.cn\/de\/wp-json\/wp\/v2\/pages\/4787\/revisions"}],"up":[{"embeddable":true,"href":"https:\/\/www.schmidt-haensch.com.cn\/de\/wp-json\/wp\/v2\/pages\/2801"}],"wp:featuredmedia":[{"embeddable":true,"href":"https:\/\/www.schmidt-haensch.com.cn\/de\/wp-json\/wp\/v2\/media\/2794"}],"wp:attachment":[{"href":"https:\/\/www.schmidt-haensch.com.cn\/de\/wp-json\/wp\/v2\/media?parent=4787"}],"wp:term":[{"taxonomy":"yst_prominent_words","embeddable":true,"href":"https:\/\/www.schmidt-haensch.com.cn\/de\/wp-json\/wp\/v2\/yst_prominent_words?post=4787"}],"curies":[{"name":"wp","href":"https:\/\/api.w.org\/{rel}","templated":true}]}}