{"id":4788,"date":"2016-05-04T08:44:38","date_gmt":"2016-05-04T08:44:38","guid":{"rendered":"http:\/\/schmidt-haensch.com\/de\/?page_id=4788"},"modified":"2017-08-02T14:14:49","modified_gmt":"2017-08-02T14:14:49","slug":"polarimetermessungen","status":"publish","type":"page","link":"https:\/\/www.schmidt-haensch.com.cn\/de\/service\/dienstleistungen\/polarimetermessungen\/","title":{"rendered":"Polarimetermessungen"},"content":{"rendered":"<p>Optisch aktive Medien drehen die Polarisationsebene des Lichts abh\u00e4ngig von der Wellenl\u00e4nge. Dies wird ausgenutzt um entweder bei kurzen Wellenl\u00e4ngen geringe Konzentrationen zu messen oder bei l\u00e4ngeren Wellenl\u00e4ngen eine gr\u00f6\u00dfere Robustheit der Messung, z.B. bei absorbierenden Proben, zu erreichen.<img loading=\"lazy\" decoding=\"async\" class=\"alignnone wp-image-4822\" src=\"http:\/\/schmidt-haensch.com\/wp-content\/uploads\/2016\/04\/ORD-quartz-300x142.jpg\" alt=\"Optische Rotationsdispersion quartz\" width=\"3000\" height=\"1425\" srcset=\"https:\/\/www.schmidt-haensch.com.cn\/wp-content\/uploads\/2016\/04\/ORD-quartz-300x142.jpg 300w, https:\/\/www.schmidt-haensch.com.cn\/wp-content\/uploads\/2016\/04\/ORD-quartz-768x365.jpg 768w, https:\/\/www.schmidt-haensch.com.cn\/wp-content\/uploads\/2016\/04\/ORD-quartz-1024x486.jpg 1024w, https:\/\/www.schmidt-haensch.com.cn\/wp-content\/uploads\/2016\/04\/ORD-quartz-2048x973.jpg 2048w, https:\/\/www.schmidt-haensch.com.cn\/wp-content\/uploads\/2016\/04\/ORD-quartz-1600x760.jpg 1600w, https:\/\/www.schmidt-haensch.com.cn\/wp-content\/uploads\/2016\/04\/ORD-quartz-1280x608.jpg 1280w, https:\/\/www.schmidt-haensch.com.cn\/wp-content\/uploads\/2016\/04\/ORD-quartz-800x380.jpg 800w, https:\/\/www.schmidt-haensch.com.cn\/wp-content\/uploads\/2016\/04\/ORD-quartz-640x304.jpg 640w, https:\/\/www.schmidt-haensch.com.cn\/wp-content\/uploads\/2016\/04\/ORD-quartz-400x190.jpg 400w, https:\/\/www.schmidt-haensch.com.cn\/wp-content\/uploads\/2016\/04\/ORD-quartz-200x95.jpg 200w\" sizes=\"(max-width: 3000px) 100vw, 3000px\" \/>Figure: Exemplarische Messung der Optischen Rotationsdispersion (ORD) einer Referenz Quarzplatte.<\/p>\n<p>&nbsp;<\/p>\n<p>&nbsp;<\/p>\n<p>Auf Ihren Wunsch messen wir wellenl\u00e4ngenabh\u00e4ngig im Rahmen einer Dienstleistung mit einem Referenzpolarimeter Ihre Proben. Dies hilft Ihnen herauszufinden, welches Polarimeter f\u00fcr Ihre Messung geeignet ist und welche Drehwinkel, bzw. welche optische Aktivit\u00e4ten zu erwarten sind. Wenn Sie bereits ein oder mehrere Polarimeter besitzen, k\u00f6nnen Sie Ihre Messungen mit den von uns erhaltenen Referenzwerten \u00fcberpr\u00fcfen.<\/p>\n<p>Die angebotenen Dienstleistungen, die Sie bei uns im Hause durchf\u00fchren lassen k\u00f6nnen, sind demnach die Bestimmung des Drehwinkels eines optisch aktiven Mediums mit einem Referenzpolarimeter bei mehreren Wellenl\u00e4ngen sowie die Ermittlung der ORD-Kurve (Drehwinkel \u03b1 als Funktion der Wellenl\u00e4nge \u03bb).<\/p>\n<ul>\n<li>feste und fl\u00fcssige Proben<\/li>\n<li>Temperaturen: 18\u202640 \u00b0C (Fl\u00fcssigkeiten) \/ 18\u202622 \u00b0C (Festk\u00f6rper)<\/li>\n<li>Wellenl\u00e4ngen: 589.3, 404.7, 546.1, 578.5, 643.8, 852.9, 895.2, andere auf Anfrage<\/li>\n<li>Genauigkeit: \u0394 \u03b1 = 0.002\u00b0<\/li>\n<\/ul>\n","protected":false},"excerpt":{"rendered":"<p>Optisch aktive Medien drehen die Polarisationsebene des Lichts abh\u00e4ngig von der Wellenl\u00e4nge. Dies wird ausgenutzt um entweder bei kurzen Wellenl\u00e4ngen geringe Konzentrationen zu messen oder bei l\u00e4ngeren Wellenl\u00e4ngen eine gr\u00f6\u00dfere Robustheit der Messung, z.B. bei absorbierenden Proben, zu erreichen.Figure: Exemplarische Messung der Optischen Rotationsdispersion (ORD) einer Referenz Quarzplatte. &nbsp; &nbsp; Auf Ihren Wunsch messen wir [&hellip;]<\/p>\n","protected":false},"author":14,"featured_media":2794,"parent":2801,"menu_order":3,"comment_status":"closed","ping_status":"closed","template":"","meta":{"_acf_changed":false,"footnotes":""},"yst_prominent_words":[1108,1106,793,791,447,511,613,495,792,790,382,1084,1107],"acf":[],"_links":{"self":[{"href":"https:\/\/www.schmidt-haensch.com.cn\/de\/wp-json\/wp\/v2\/pages\/4788"}],"collection":[{"href":"https:\/\/www.schmidt-haensch.com.cn\/de\/wp-json\/wp\/v2\/pages"}],"about":[{"href":"https:\/\/www.schmidt-haensch.com.cn\/de\/wp-json\/wp\/v2\/types\/page"}],"author":[{"embeddable":true,"href":"https:\/\/www.schmidt-haensch.com.cn\/de\/wp-json\/wp\/v2\/users\/14"}],"replies":[{"embeddable":true,"href":"https:\/\/www.schmidt-haensch.com.cn\/de\/wp-json\/wp\/v2\/comments?post=4788"}],"version-history":[{"count":2,"href":"https:\/\/www.schmidt-haensch.com.cn\/de\/wp-json\/wp\/v2\/pages\/4788\/revisions"}],"predecessor-version":[{"id":5232,"href":"https:\/\/www.schmidt-haensch.com.cn\/de\/wp-json\/wp\/v2\/pages\/4788\/revisions\/5232"}],"up":[{"embeddable":true,"href":"https:\/\/www.schmidt-haensch.com.cn\/de\/wp-json\/wp\/v2\/pages\/2801"}],"wp:featuredmedia":[{"embeddable":true,"href":"https:\/\/www.schmidt-haensch.com.cn\/de\/wp-json\/wp\/v2\/media\/2794"}],"wp:attachment":[{"href":"https:\/\/www.schmidt-haensch.com.cn\/de\/wp-json\/wp\/v2\/media?parent=4788"}],"wp:term":[{"taxonomy":"yst_prominent_words","embeddable":true,"href":"https:\/\/www.schmidt-haensch.com.cn\/de\/wp-json\/wp\/v2\/yst_prominent_words?post=4788"}],"curies":[{"name":"wp","href":"https:\/\/api.w.org\/{rel}","templated":true}]}}